{"id":2640,"date":"2022-03-07T03:13:32","date_gmt":"2022-03-07T03:13:32","guid":{"rendered":"https:\/\/ciicicomos.org\/board-of-directors\/vicepresident-for-europe-and-africa\/"},"modified":"2022-04-13T22:10:00","modified_gmt":"2022-04-13T22:10:00","slug":"vice-president-for-europe-and-africa","status":"publish","type":"page","link":"https:\/\/ciicicomos.org\/en\/board-of-directors\/vice-president-for-europe-and-africa\/","title":{"rendered":"VICE PRESIDENT for EUROPE and AFRICA"},"content":{"rendered":"\t\t<div data-elementor-type=\"wp-page\" data-elementor-id=\"2640\" class=\"elementor elementor-2640 elementor-2632\" data-elementor-settings=\"[]\">\n\t\t\t\t\t\t\t<div class=\"elementor-section-wrap\">\n\t\t\t\t\t\t\t<section class=\"elementor-section elementor-top-section elementor-element elementor-element-556354c elementor-section-full_width elementor-section-height-default elementor-section-height-default\" data-id=\"556354c\" data-element_type=\"section\" data-settings=\"{&quot;background_background&quot;:&quot;classic&quot;}\">\n\t\t\t\t\t\t<div class=\"elementor-container elementor-column-gap-default\">\n\t\t\t\t\t<div class=\"elementor-column elementor-col-100 elementor-top-column elementor-element elementor-element-b678b27\" data-id=\"b678b27\" data-element_type=\"column\">\n\t\t\t<div class=\"elementor-widget-wrap elementor-element-populated\">\n\t\t\t\t\t\t\t\t<div class=\"elementor-element elementor-element-3476f80 elementor-widget elementor-widget-heading\" data-id=\"3476f80\" data-element_type=\"widget\" data-widget_type=\"heading.default\">\n\t\t\t\t<div class=\"elementor-widget-container\">\n\t\t\t<h2 class=\"elementor-heading-title elementor-size-default\">Vicepresident for Europe and Africa<\/h2>\t\t<\/div>\n\t\t\t\t<\/div>\n\t\t\t\t\t<\/div>\n\t\t<\/div>\n\t\t\t\t\t\t\t<\/div>\n\t\t<\/section>\n\t\t\t\t<section class=\"elementor-section elementor-top-section elementor-element elementor-element-fc0a9e8 elementor-section-boxed elementor-section-height-default elementor-section-height-default\" data-id=\"fc0a9e8\" data-element_type=\"section\">\n\t\t\t\t\t\t<div class=\"elementor-container elementor-column-gap-default\">\n\t\t\t\t\t<div class=\"elementor-column elementor-col-66 elementor-top-column elementor-element elementor-element-f4e42f9\" data-id=\"f4e42f9\" data-element_type=\"column\">\n\t\t\t<div class=\"elementor-widget-wrap elementor-element-populated\">\n\t\t\t\t\t\t\t\t<div class=\"elementor-element elementor-element-58af047 elementor-widget elementor-widget-heading\" data-id=\"58af047\" data-element_type=\"widget\" data-widget_type=\"heading.default\">\n\t\t\t\t<div class=\"elementor-widget-container\">\n\t\t\t<h2 class=\"elementor-heading-title elementor-size-default\">VICE PRESIDENT for EUROPE and AFRICA <\/h2>\t\t<\/div>\n\t\t\t\t<\/div>\n\t\t\t\t<div class=\"elementor-element elementor-element-119affd elementor-widget elementor-widget-text-editor\" data-id=\"119affd\" data-element_type=\"widget\" data-widget_type=\"text-editor.default\">\n\t\t\t\t<div class=\"elementor-widget-container\">\n\t\t\t\t\t\t\t<p><b>Rosa Anna Genovese (Italy)<\/b><\/p><p><span style=\"font-weight: 400;\">CIIC Expert Member<\/span><\/p><p><span style=\"font-weight: 400;\">Architect at Post-graduate School in Architectural and Landscape Heritage <\/span><\/p><p><span style=\"font-weight: 400;\">Mail:<\/span> <a href=\"mailto:ciicicomos.vpea@gmail.com\"><span style=\"font-weight: 400;\">ciicicomos.vpea@gmail.com<\/span><\/a><\/p><p><span style=\"font-weight: 400;\">Specialized Architect at Post-graduate School in Architectural and Landscape Heritage. Full Professor in Restoration (ICAR 19) of Cultural Heritage at the University of Naples \u201cFederico II\u201d. Member of ICOMOS Academy since 2009. Vice President of the COPAM (Coop\u00e9ration pour le Patrimoine Architectural M\u00e9diterran\u00e9en) of ICOMOS from 1987 to 1990. Expert Member of the International Scientific Committees of ICOMOS: Theory and Philosophy of Conservation and Restoration of Cultural Property (TheoPhilos) and Cultural Routes (CIIC). Member of the International Executive Committee\/ADCOM of ICOMOS (for the triennia 1999\/2002, 2002\/2005) and UNESCO Expert for the World Heritage List. She received the National Prize \u201cCapri- San Michele\u201d (Art Section) for the volume Gaetano Genovese e il suo tempo. Author of over one hundred and eighty publications on Conservation, Restoration, Protection, and Enhancement of Cultural Heritage. She was chief Editor of the magazine \u201cRestauro\u201d and Editor of the periodical \u201cICOMOS Information\u201d. She directed many yards of Architectural Restoration in Italy. Promoter, Scientific Coordinator and Speaker of innumerable National and International Congresses and Symposia (over four hundred) on Conservation, Restoration, Protection and Enhancement of Cultural Heritage, of which she was often also the Editor of Proceedings.<\/span><\/p>\t\t\t\t\t\t<\/div>\n\t\t\t\t<\/div>\n\t\t\t\t\t<\/div>\n\t\t<\/div>\n\t\t\t\t<div class=\"elementor-column elementor-col-33 elementor-top-column elementor-element elementor-element-cddac39\" data-id=\"cddac39\" data-element_type=\"column\">\n\t\t\t<div class=\"elementor-widget-wrap elementor-element-populated\">\n\t\t\t\t\t\t\t\t<div class=\"elementor-element elementor-element-463d656 elementor-widget elementor-widget-spacer\" data-id=\"463d656\" data-element_type=\"widget\" data-widget_type=\"spacer.default\">\n\t\t\t\t<div class=\"elementor-widget-container\">\n\t\t\t\t\t<div class=\"elementor-spacer\">\n\t\t\t<div class=\"elementor-spacer-inner\"><\/div>\n\t\t<\/div>\n\t\t\t\t<\/div>\n\t\t\t\t<\/div>\n\t\t\t\t<div class=\"elementor-element elementor-element-738c4dc imgbag elementor-widget elementor-widget-image\" data-id=\"738c4dc\" data-element_type=\"widget\" data-widget_type=\"image.default\">\n\t\t\t\t<div class=\"elementor-widget-container\">\n\t\t\t\t\t\t\t\t\t\t\t\t\t\t\t<img width=\"270\" height=\"336\" src=\"https:\/\/ciicicomos.org\/wp-content\/uploads\/2022\/01\/Imagen3.jpg\" class=\"attachment-large size-large\" alt=\"\" loading=\"lazy\" srcset=\"https:\/\/ciicicomos.org\/wp-content\/uploads\/2022\/01\/Imagen3.jpg 270w, https:\/\/ciicicomos.org\/wp-content\/uploads\/2022\/01\/Imagen3-241x300.jpg 241w\" sizes=\"(max-width: 270px) 100vw, 270px\" \/>\t\t\t\t\t\t\t\t\t\t\t\t\t\t\t<\/div>\n\t\t\t\t<\/div>\n\t\t\t\t\t<\/div>\n\t\t<\/div>\n\t\t\t\t\t\t\t<\/div>\n\t\t<\/section>\n\t\t\t\t\t\t<\/div>\n\t\t\t\t\t<\/div>\n\t\t","protected":false},"excerpt":{"rendered":"<p>Vicepresident for Europe and Africa VICE PRESIDENT for EUROPE and AFRICA Rosa Anna Genovese (Italy) CIIC Expert Member Architect at Post-graduate School in Architectural and Landscape Heritage Mail: ciicicomos.vpea@gmail.com Specialized Architect at Post-graduate School in Architectural and Landscape Heritage. Full Professor in Restoration (ICAR 19) of Cultural Heritage at the University of Naples \u201cFederico II\u201d. [&hellip;]<\/p>\n","protected":false},"author":12,"featured_media":0,"parent":2098,"menu_order":0,"comment_status":"closed","ping_status":"closed","template":"elementor_header_footer","meta":[],"_links":{"self":[{"href":"https:\/\/ciicicomos.org\/en\/wp-json\/wp\/v2\/pages\/2640"}],"collection":[{"href":"https:\/\/ciicicomos.org\/en\/wp-json\/wp\/v2\/pages"}],"about":[{"href":"https:\/\/ciicicomos.org\/en\/wp-json\/wp\/v2\/types\/page"}],"author":[{"embeddable":true,"href":"https:\/\/ciicicomos.org\/en\/wp-json\/wp\/v2\/users\/12"}],"replies":[{"embeddable":true,"href":"https:\/\/ciicicomos.org\/en\/wp-json\/wp\/v2\/comments?post=2640"}],"version-history":[{"count":5,"href":"https:\/\/ciicicomos.org\/en\/wp-json\/wp\/v2\/pages\/2640\/revisions"}],"predecessor-version":[{"id":3083,"href":"https:\/\/ciicicomos.org\/en\/wp-json\/wp\/v2\/pages\/2640\/revisions\/3083"}],"up":[{"embeddable":true,"href":"https:\/\/ciicicomos.org\/en\/wp-json\/wp\/v2\/pages\/2098"}],"wp:attachment":[{"href":"https:\/\/ciicicomos.org\/en\/wp-json\/wp\/v2\/media?parent=2640"}],"curies":[{"name":"wp","href":"https:\/\/api.w.org\/{rel}","templated":true}]}}